{"id":95,"date":"2022-09-08T14:21:58","date_gmt":"2022-09-08T12:21:58","guid":{"rendered":"https:\/\/grandmodels.com\/?page_id=95"},"modified":"2025-07-17T13:19:54","modified_gmt":"2025-07-17T11:19:54","slug":"modelagentur","status":"publish","type":"page","link":"https:\/\/grandmodels.com\/en\/modelagentur\/","title":{"rendered":"ABOUT"},"content":{"rendered":"<div data-elementor-type=\"wp-page\" data-elementor-id=\"95\" class=\"elementor elementor-95\" data-elementor-post-type=\"page\">\n\t\t\t\t<div class=\"elementor-element elementor-element-2aebf4f e-flex e-con-boxed e-con e-parent\" data-id=\"2aebf4f\" data-element_type=\"container\" data-e-type=\"container\">\n\t\t\t\t\t<div class=\"e-con-inner\">\n\t\t\t\t\t<\/div>\n\t\t\t\t<\/div>\n\t\t<div class=\"elementor-element elementor-element-92a1ac9 e-flex e-con-boxed e-con e-parent\" data-id=\"92a1ac9\" data-element_type=\"container\" data-e-type=\"container\">\n\t\t\t\t\t<div class=\"e-con-inner\">\n\t\t<div class=\"elementor-element elementor-element-958be19 e-con-full e-flex e-con e-child\" data-id=\"958be19\" data-element_type=\"container\" data-e-type=\"container\">\n\t\t\t\t<div class=\"elementor-element elementor-element-c76719b elementor-widget__width-initial elementor-widget elementor-widget-heading\" data-id=\"c76719b\" data-element_type=\"widget\" data-e-type=\"widget\" data-widget_type=\"heading.default\">\n\t\t\t\t<div class=\"elementor-widget-container\">\n\t\t\t\t\t<h1 class=\"elementor-heading-title elementor-size-default\"><h1 data-elementor-setting-key=\"title\" data-pen-placeholder=\"Eingabe hier...\" style=\"font-family: Montserrat, sans-serif;font-weight: 400;font-size: 50px;letter-spacing: 0.3px\"><span data-elementor-setting-key=\"title\" data-pen-placeholder=\"Eingabe hier...\" style=\"letter-spacing: 0.3px\">THE AGENCY<\/span><span style=\"font-size: 48px;font-weight: 600\"><\/span><\/h1><\/h1>\t\t\t\t<\/div>\n\t\t\t\t<\/div>\n\t\t\t\t<\/div>\n\t\t\t\t\t<\/div>\n\t\t\t\t<\/div>\n\t\t<div class=\"elementor-element elementor-element-8824fcf e-flex e-con-boxed e-con e-parent\" data-id=\"8824fcf\" data-element_type=\"container\" data-e-type=\"container\">\n\t\t\t\t\t<div class=\"e-con-inner\">\n\t\t<div class=\"elementor-element elementor-element-26256ca e-con-full e-flex e-con e-child\" data-id=\"26256ca\" data-element_type=\"container\" data-e-type=\"container\">\n\t\t\t\t<div class=\"elementor-element elementor-element-78a31ce elementor-widget elementor-widget-image\" data-id=\"78a31ce\" data-element_type=\"widget\" data-e-type=\"widget\" data-widget_type=\"image.default\">\n\t\t\t\t<div class=\"elementor-widget-container\">\n\t\t\t\t\t\t\t\t\t\t\t\t\t\t\t<img fetchpriority=\"high\" decoding=\"async\" width=\"683\" height=\"1024\" src=\"https:\/\/grandmodels.com\/wp-content\/uploads\/2025\/04\/DSC06926-683x1024.jpg\" class=\"attachment-large size-large wp-image-37297\" alt=\"\" srcset=\"https:\/\/grandmodels.com\/wp-content\/uploads\/2025\/04\/DSC06926-683x1024.jpg 683w, https:\/\/grandmodels.com\/wp-content\/uploads\/2025\/04\/DSC06926-scaled-600x900.jpg 600w, https:\/\/grandmodels.com\/wp-content\/uploads\/2025\/04\/DSC06926-200x300.jpg 200w, https:\/\/grandmodels.com\/wp-content\/uploads\/2025\/04\/DSC06926-768x1152.jpg 768w, https:\/\/grandmodels.com\/wp-content\/uploads\/2025\/04\/DSC06926-1024x1536.jpg 1024w, https:\/\/grandmodels.com\/wp-content\/uploads\/2025\/04\/DSC06926-1365x2048.jpg 1365w, https:\/\/grandmodels.com\/wp-content\/uploads\/2025\/04\/DSC06926-8x12.jpg 8w, https:\/\/grandmodels.com\/wp-content\/uploads\/2025\/04\/DSC06926-246x370.jpg 246w, https:\/\/grandmodels.com\/wp-content\/uploads\/2025\/04\/DSC06926-scaled.jpg 1707w\" sizes=\"(max-width: 683px) 100vw, 683px\" \/>\t\t\t\t\t\t\t\t\t\t\t\t\t\t\t<\/div>\n\t\t\t\t<\/div>\n\t\t\t\t<\/div>\n\t\t<div class=\"elementor-element elementor-element-f64f85d e-con-full e-flex e-con e-child\" data-id=\"f64f85d\" data-element_type=\"container\" data-e-type=\"container\">\n\t\t\t\t<div class=\"elementor-element elementor-element-065e85f elementor-widget elementor-widget-text-editor\" data-id=\"065e85f\" data-element_type=\"widget\" data-e-type=\"widget\" data-widget_type=\"text-editor.default\">\n\t\t\t\t<div class=\"elementor-widget-container\">\n\t\t\t\t\t\t\t\t\t<p>GRAND MODELS is an owner-managed model agency based in Berlin. We believe in real connections: to our models, to our clients and to every production we accompany. Fast communication, individual support and a deep understanding of creative processes are the basis of our work.<\/p><p>Founded on practical experience, we bring know-how from the fields of fashion, film, event and content creation and a good sense of timing, aesthetics and people. We accompany every project with dedication and a high standard of quality and authenticity.<br \/>Whether campaign, catwalk, editorial, commercial or social media - we bring the right personalities together with the right brands.<\/p><p>People are at the center of everything we do.<br \/>We actively promote our talents - with honest advice, professional book and sedcard creation, content production, travel planning and support in all matters relating to contracts and negotiations.<\/p>\t\t\t\t\t\t\t\t<\/div>\n\t\t\t\t<\/div>\n\t\t\t\t<\/div>\n\t\t\t\t\t<\/div>\n\t\t\t\t<\/div>\n\t\t<div class=\"elementor-element elementor-element-e67f6cc e-flex e-con-boxed e-con e-parent\" data-id=\"e67f6cc\" data-element_type=\"container\" data-e-type=\"container\">\n\t\t\t\t\t<div class=\"e-con-inner\">\n\t\t<div class=\"elementor-element elementor-element-e4f5f06 e-con-full e-flex e-con e-child\" data-id=\"e4f5f06\" data-element_type=\"container\" data-e-type=\"container\">\n\t\t\t\t<div class=\"elementor-element elementor-element-8625a70 elementor-widget elementor-widget-heading\" data-id=\"8625a70\" data-element_type=\"widget\" data-e-type=\"widget\" data-widget_type=\"heading.default\">\n\t\t\t\t<div class=\"elementor-widget-container\">\n\t\t\t\t\t<h1 class=\"elementor-heading-title elementor-size-default\">THE TEAM<\/h1>\t\t\t\t<\/div>\n\t\t\t\t<\/div>\n\t\t\t\t<\/div>\n\t\t\t\t\t<\/div>\n\t\t\t\t<\/div>\n\t\t<div class=\"elementor-element elementor-element-7226669 e-flex e-con-boxed e-con e-parent\" data-id=\"7226669\" data-element_type=\"container\" data-e-type=\"container\">\n\t\t\t\t\t<div class=\"e-con-inner\">\n\t\t<div class=\"elementor-element elementor-element-f764af7 e-con-full e-flex e-con e-child\" data-id=\"f764af7\" data-element_type=\"container\" data-e-type=\"container\">\n\t\t\t\t<div class=\"elementor-element elementor-element-929303f elementor-widget elementor-widget-image\" data-id=\"929303f\" data-element_type=\"widget\" data-e-type=\"widget\" data-widget_type=\"image.default\">\n\t\t\t\t<div class=\"elementor-widget-container\">\n\t\t\t\t\t\t\t\t\t\t\t\t\t\t\t<img decoding=\"async\" width=\"683\" height=\"1024\" src=\"https:\/\/grandmodels.com\/wp-content\/uploads\/2025\/04\/DSC07226-683x1024.jpg\" class=\"attachment-large size-large wp-image-37273\" alt=\"\" srcset=\"https:\/\/grandmodels.com\/wp-content\/uploads\/2025\/04\/DSC07226-683x1024.jpg 683w, https:\/\/grandmodels.com\/wp-content\/uploads\/2025\/04\/DSC07226-scaled-600x900.jpg 600w, https:\/\/grandmodels.com\/wp-content\/uploads\/2025\/04\/DSC07226-200x300.jpg 200w, https:\/\/grandmodels.com\/wp-content\/uploads\/2025\/04\/DSC07226-768x1152.jpg 768w, https:\/\/grandmodels.com\/wp-content\/uploads\/2025\/04\/DSC07226-1024x1536.jpg 1024w, https:\/\/grandmodels.com\/wp-content\/uploads\/2025\/04\/DSC07226-1365x2048.jpg 1365w, https:\/\/grandmodels.com\/wp-content\/uploads\/2025\/04\/DSC07226-8x12.jpg 8w, https:\/\/grandmodels.com\/wp-content\/uploads\/2025\/04\/DSC07226-246x370.jpg 246w, https:\/\/grandmodels.com\/wp-content\/uploads\/2025\/04\/DSC07226-scaled.jpg 1707w\" sizes=\"(max-width: 683px) 100vw, 683px\" \/>\t\t\t\t\t\t\t\t\t\t\t\t\t\t\t<\/div>\n\t\t\t\t<\/div>\n\t\t<div class=\"elementor-element elementor-element-12bf82b e-con-full e-flex e-con e-child\" data-id=\"12bf82b\" data-element_type=\"container\" data-e-type=\"container\">\n\t\t\t\t<div class=\"elementor-element elementor-element-133b005 elementor-widget elementor-widget-text-editor\" data-id=\"133b005\" data-element_type=\"widget\" data-e-type=\"widget\" data-widget_type=\"text-editor.default\">\n\t\t\t\t<div class=\"elementor-widget-container\">\n\t\t\t\t\t\t\t\t\t<p>MICHELLE\u00a0<\/p><h5><span style=\"font-size: 16px;\">Managing Partner <br \/>Booking &amp; <\/span><span style=\"font-size: 16px;\">Production Coordination<\/span><\/h5>\t\t\t\t\t\t\t\t<\/div>\n\t\t\t\t<\/div>\n\t\t\t\t<\/div>\n\t\t\t\t<\/div>\n\t\t<div class=\"elementor-element elementor-element-3eb6ba7 e-con-full e-flex e-con e-child\" data-id=\"3eb6ba7\" data-element_type=\"container\" data-e-type=\"container\">\n\t\t\t\t<div class=\"elementor-element elementor-element-3ead962 elementor-widget elementor-widget-image\" data-id=\"3ead962\" data-element_type=\"widget\" data-e-type=\"widget\" data-widget_type=\"image.default\">\n\t\t\t\t<div class=\"elementor-widget-container\">\n\t\t\t\t\t\t\t\t\t\t\t\t\t\t\t<img decoding=\"async\" width=\"683\" height=\"1024\" src=\"https:\/\/grandmodels.com\/wp-content\/uploads\/2025\/04\/DSC06834-683x1024.jpg\" class=\"attachment-large size-large wp-image-37271\" alt=\"\" srcset=\"https:\/\/grandmodels.com\/wp-content\/uploads\/2025\/04\/DSC06834-683x1024.jpg 683w, https:\/\/grandmodels.com\/wp-content\/uploads\/2025\/04\/DSC06834-scaled-600x900.jpg 600w, https:\/\/grandmodels.com\/wp-content\/uploads\/2025\/04\/DSC06834-200x300.jpg 200w, https:\/\/grandmodels.com\/wp-content\/uploads\/2025\/04\/DSC06834-768x1152.jpg 768w, https:\/\/grandmodels.com\/wp-content\/uploads\/2025\/04\/DSC06834-1024x1536.jpg 1024w, https:\/\/grandmodels.com\/wp-content\/uploads\/2025\/04\/DSC06834-1365x2048.jpg 1365w, https:\/\/grandmodels.com\/wp-content\/uploads\/2025\/04\/DSC06834-8x12.jpg 8w, https:\/\/grandmodels.com\/wp-content\/uploads\/2025\/04\/DSC06834-246x370.jpg 246w, https:\/\/grandmodels.com\/wp-content\/uploads\/2025\/04\/DSC06834-scaled.jpg 1707w\" sizes=\"(max-width: 683px) 100vw, 683px\" \/>\t\t\t\t\t\t\t\t\t\t\t\t\t\t\t<\/div>\n\t\t\t\t<\/div>\n\t\t<div class=\"elementor-element elementor-element-be290b0 e-con-full e-flex e-con e-child\" data-id=\"be290b0\" data-element_type=\"container\" data-e-type=\"container\">\n\t\t\t\t<div class=\"elementor-element elementor-element-70f2b53 elementor-widget elementor-widget-text-editor\" data-id=\"70f2b53\" data-element_type=\"widget\" data-e-type=\"widget\" data-widget_type=\"text-editor.default\">\n\t\t\t\t<div class=\"elementor-widget-container\">\n\t\t\t\t\t\t\t\t\t<p>KATARINA\u00a0<\/p><h5><span style=\"font-size: 16px;\">Managing Partner<br \/><\/span><span style=\"font-family: inherit; font-size: 16px;\">Scouting, Acquisition &amp; <\/span><span style=\"font-family: inherit; font-size: 16px;\">Creative Marketing\u00a0<\/span><\/h5>\t\t\t\t\t\t\t\t<\/div>\n\t\t\t\t<\/div>\n\t\t\t\t<\/div>\n\t\t\t\t<\/div>\n\t\t\t\t\t<\/div>\n\t\t\t\t<\/div>\n\t\t<div class=\"elementor-element elementor-element-7d06ad0 e-flex e-con-boxed e-con e-parent\" data-id=\"7d06ad0\" data-element_type=\"container\" data-e-type=\"container\">\n\t\t\t\t\t<div class=\"e-con-inner\">\n\t\t<div class=\"elementor-element elementor-element-bff14f6 e-con-full e-flex e-con e-child\" data-id=\"bff14f6\" data-element_type=\"container\" data-e-type=\"container\">\n\t\t\t\t<div class=\"elementor-element elementor-element-657050b elementor-widget elementor-widget-image\" data-id=\"657050b\" data-element_type=\"widget\" data-e-type=\"widget\" data-widget_type=\"image.default\">\n\t\t\t\t<div class=\"elementor-widget-container\">\n\t\t\t\t\t\t\t\t\t\t\t\t\t\t\t<img loading=\"lazy\" decoding=\"async\" width=\"683\" height=\"1024\" src=\"https:\/\/grandmodels.com\/wp-content\/uploads\/2025\/04\/DSC07488-683x1024.jpg\" class=\"attachment-large size-large wp-image-37272\" alt=\"\" srcset=\"https:\/\/grandmodels.com\/wp-content\/uploads\/2025\/04\/DSC07488-683x1024.jpg 683w, https:\/\/grandmodels.com\/wp-content\/uploads\/2025\/04\/DSC07488-scaled-600x900.jpg 600w, https:\/\/grandmodels.com\/wp-content\/uploads\/2025\/04\/DSC07488-200x300.jpg 200w, https:\/\/grandmodels.com\/wp-content\/uploads\/2025\/04\/DSC07488-768x1152.jpg 768w, https:\/\/grandmodels.com\/wp-content\/uploads\/2025\/04\/DSC07488-1024x1536.jpg 1024w, https:\/\/grandmodels.com\/wp-content\/uploads\/2025\/04\/DSC07488-1365x2048.jpg 1365w, https:\/\/grandmodels.com\/wp-content\/uploads\/2025\/04\/DSC07488-8x12.jpg 8w, https:\/\/grandmodels.com\/wp-content\/uploads\/2025\/04\/DSC07488-246x370.jpg 246w, https:\/\/grandmodels.com\/wp-content\/uploads\/2025\/04\/DSC07488-scaled.jpg 1707w\" sizes=\"(max-width: 683px) 100vw, 683px\" \/>\t\t\t\t\t\t\t\t\t\t\t\t\t\t\t<\/div>\n\t\t\t\t<\/div>\n\t\t<div class=\"elementor-element elementor-element-2b9ad0a e-con-full e-flex e-con e-child\" data-id=\"2b9ad0a\" data-element_type=\"container\" data-e-type=\"container\">\n\t\t\t\t<div class=\"elementor-element elementor-element-a316d62 elementor-widget elementor-widget-text-editor\" data-id=\"a316d62\" data-element_type=\"widget\" data-e-type=\"widget\" data-widget_type=\"text-editor.default\">\n\t\t\t\t<div class=\"elementor-widget-container\">\n\t\t\t\t\t\t\t\t\t<p>PAUL<\/p><h5 style=\"font-family: Montserrat, sans-serif; color: #000000;\"><span style=\"font-family: inherit; font-size: 16px;\">Photo- &amp; Videographer\u00a0<br \/>Content Creation<\/span><\/h5>\t\t\t\t\t\t\t\t<\/div>\n\t\t\t\t<\/div>\n\t\t\t\t<\/div>\n\t\t\t\t<\/div>\n\t\t<div class=\"elementor-element elementor-element-42f0722 e-con-full e-flex e-con e-child\" data-id=\"42f0722\" data-element_type=\"container\" data-e-type=\"container\">\n\t\t\t\t<div class=\"elementor-element elementor-element-adc9142 elementor-widget elementor-widget-image\" data-id=\"adc9142\" data-element_type=\"widget\" data-e-type=\"widget\" data-widget_type=\"image.default\">\n\t\t\t\t<div class=\"elementor-widget-container\">\n\t\t\t\t\t\t\t\t\t\t\t\t\t\t\t<img loading=\"lazy\" decoding=\"async\" width=\"683\" height=\"1024\" src=\"https:\/\/grandmodels.com\/wp-content\/uploads\/2025\/07\/Teamfotos_250210_0588_Insta-2-683x1024.jpg\" class=\"attachment-large size-large wp-image-39796\" alt=\"\" srcset=\"https:\/\/grandmodels.com\/wp-content\/uploads\/2025\/07\/Teamfotos_250210_0588_Insta-2-683x1024.jpg 683w, https:\/\/grandmodels.com\/wp-content\/uploads\/2025\/07\/Teamfotos_250210_0588_Insta-2-200x300.jpg 200w, https:\/\/grandmodels.com\/wp-content\/uploads\/2025\/07\/Teamfotos_250210_0588_Insta-2-768x1152.jpg 768w, https:\/\/grandmodels.com\/wp-content\/uploads\/2025\/07\/Teamfotos_250210_0588_Insta-2-8x12.jpg 8w, https:\/\/grandmodels.com\/wp-content\/uploads\/2025\/07\/Teamfotos_250210_0588_Insta-2-246x370.jpg 246w, https:\/\/grandmodels.com\/wp-content\/uploads\/2025\/07\/Teamfotos_250210_0588_Insta-2-600x900.jpg 600w, https:\/\/grandmodels.com\/wp-content\/uploads\/2025\/07\/Teamfotos_250210_0588_Insta-2.jpg 840w\" sizes=\"(max-width: 683px) 100vw, 683px\" \/>\t\t\t\t\t\t\t\t\t\t\t\t\t\t\t<\/div>\n\t\t\t\t<\/div>\n\t\t<div class=\"elementor-element elementor-element-0cbb1b4 e-con-full e-flex e-con e-child\" data-id=\"0cbb1b4\" data-element_type=\"container\" data-e-type=\"container\">\n\t\t\t\t<div class=\"elementor-element elementor-element-41fcc3e elementor-widget elementor-widget-text-editor\" data-id=\"41fcc3e\" data-element_type=\"widget\" data-e-type=\"widget\" data-widget_type=\"text-editor.default\">\n\t\t\t\t<div class=\"elementor-widget-container\">\n\t\t\t\t\t\t\t\t\t<p>FRANZISKA &amp; MARTIN<\/p>\n<h5 style=\"font-family: Montserrat, sans-serif; color: #000000;\"><span style=\"font-family: inherit; font-size: 16px;\">Photo- &amp; Video production<br><\/span><a href=\"https:\/\/grandvisions.de\" target=\"_blank\">GRAND VISIONS<\/a><br><\/h5>\t\t\t\t\t\t\t\t<\/div>\n\t\t\t\t<\/div>\n\t\t\t\t<\/div>\n\t\t\t\t<\/div>\n\t\t\t\t\t<\/div>\n\t\t\t\t<\/div>\n\t\t\t\t<\/div>","protected":false},"excerpt":{"rendered":"<p>THE AGENCY GRAND MODELS ist eine inhabergef\u00fchrte Modelagentur mit Sitz in Berlin. Wir glauben an echte Verbindungen: zu unseren Models, zu unseren Kund:innen und zu jeder Produktion, die wir begleiten. Schnelle Kommunikation, individuelle Betreuung und ein tiefes Verst\u00e4ndnis f\u00fcr kreative Prozesse sind f\u00fcr uns die Grundlage unserer Arbeit. Gegr\u00fcndet aus der Praxis heraus, bringen wir [&hellip;]<\/p>\n","protected":false},"author":1,"featured_media":70,"parent":0,"menu_order":0,"comment_status":"closed","ping_status":"closed","template":"","meta":{"footnotes":""},"class_list":["post-95","page","type-page","status-publish","has-post-thumbnail","hentry"],"yoast_head":"<!-- This site is optimized with the Yoast SEO plugin v27.4 - https:\/\/yoast.com\/product\/yoast-seo-wordpress\/ -->\n<title>GRAND MODELS \u2013 Die Modelagentur aus Berlin<\/title>\n<meta name=\"description\" content=\"Wir sind die Modelagentur aus Berlin \u2013 Wir sind GRAND MODELS. Wir vermitteln erfahrene Profimodels und interessante New Faces +49 30209663598\" \/>\n<meta name=\"robots\" content=\"index, follow, max-snippet:-1, max-image-preview:large, max-video-preview:-1\" \/>\n<link rel=\"canonical\" href=\"https:\/\/grandmodels.com\/en\/modelagentur\/\" \/>\n<meta property=\"og:locale\" content=\"en_US\" \/>\n<meta property=\"og:type\" content=\"article\" \/>\n<meta property=\"og:title\" content=\"GRAND MODELS \u2013 Die Modelagentur aus Berlin\" \/>\n<meta property=\"og:description\" content=\"Wir sind die Modelagentur aus Berlin \u2013 Wir sind GRAND MODELS. Wir vermitteln erfahrene Profimodels und interessante New Faces +49 30209663598\" \/>\n<meta property=\"og:url\" content=\"https:\/\/grandmodels.com\/en\/modelagentur\/\" \/>\n<meta property=\"og:site_name\" content=\"GRAND MODELS\" \/>\n<meta property=\"article:publisher\" content=\"https:\/\/www.facebook.com\/grandmodels.modelagentur.berlin\" \/>\n<meta property=\"article:modified_time\" content=\"2025-07-17T11:19:54+00:00\" \/>\n<meta property=\"og:image\" content=\"https:\/\/grandmodels.com\/wp-content\/uploads\/2022\/08\/BLACK_LOGO_FORMAT2_PNG-01_512x512px.png\" \/>\n\t<meta property=\"og:image:width\" content=\"512\" \/>\n\t<meta property=\"og:image:height\" content=\"512\" \/>\n\t<meta property=\"og:image:type\" content=\"image\/png\" \/>\n<meta name=\"twitter:card\" content=\"summary_large_image\" \/>\n<meta name=\"twitter:label1\" content=\"Est. reading time\" \/>\n\t<meta name=\"twitter:data1\" content=\"2 minutes\" \/>\n<script type=\"application\/ld+json\" class=\"yoast-schema-graph\">{\"@context\":\"https:\\\/\\\/schema.org\",\"@graph\":[{\"@type\":\"WebPage\",\"@id\":\"https:\\\/\\\/grandmodels.com\\\/modelagentur\\\/\",\"url\":\"https:\\\/\\\/grandmodels.com\\\/modelagentur\\\/\",\"name\":\"GRAND MODELS \u2013 Die Modelagentur aus Berlin\",\"isPartOf\":{\"@id\":\"https:\\\/\\\/grandmodels.com\\\/#website\"},\"primaryImageOfPage\":{\"@id\":\"https:\\\/\\\/grandmodels.com\\\/modelagentur\\\/#primaryimage\"},\"image\":{\"@id\":\"https:\\\/\\\/grandmodels.com\\\/modelagentur\\\/#primaryimage\"},\"thumbnailUrl\":\"https:\\\/\\\/grandmodels.com\\\/wp-content\\\/uploads\\\/2022\\\/08\\\/BLACK_LOGO_FORMAT2_PNG-01_512x512px.png\",\"datePublished\":\"2022-09-08T12:21:58+00:00\",\"dateModified\":\"2025-07-17T11:19:54+00:00\",\"description\":\"Wir sind die Modelagentur aus Berlin \u2013 Wir sind GRAND MODELS. Wir vermitteln erfahrene Profimodels und interessante New Faces +49 30209663598\",\"breadcrumb\":{\"@id\":\"https:\\\/\\\/grandmodels.com\\\/modelagentur\\\/#breadcrumb\"},\"inLanguage\":\"en-US\",\"potentialAction\":[{\"@type\":\"ReadAction\",\"target\":[\"https:\\\/\\\/grandmodels.com\\\/modelagentur\\\/\"]}]},{\"@type\":\"ImageObject\",\"inLanguage\":\"en-US\",\"@id\":\"https:\\\/\\\/grandmodels.com\\\/modelagentur\\\/#primaryimage\",\"url\":\"https:\\\/\\\/grandmodels.com\\\/wp-content\\\/uploads\\\/2022\\\/08\\\/BLACK_LOGO_FORMAT2_PNG-01_512x512px.png\",\"contentUrl\":\"https:\\\/\\\/grandmodels.com\\\/wp-content\\\/uploads\\\/2022\\\/08\\\/BLACK_LOGO_FORMAT2_PNG-01_512x512px.png\",\"width\":512,\"height\":512},{\"@type\":\"BreadcrumbList\",\"@id\":\"https:\\\/\\\/grandmodels.com\\\/modelagentur\\\/#breadcrumb\",\"itemListElement\":[{\"@type\":\"ListItem\",\"position\":1,\"name\":\"Startseite\",\"item\":\"https:\\\/\\\/grandmodels.com\\\/\"},{\"@type\":\"ListItem\",\"position\":2,\"name\":\"ABOUT\"}]},{\"@type\":\"WebSite\",\"@id\":\"https:\\\/\\\/grandmodels.com\\\/#website\",\"url\":\"https:\\\/\\\/grandmodels.com\\\/\",\"name\":\"GRAND MODELS \u2013 MODELAGENTUR BERLIN\",\"description\":\"Modelagentur Berlin, Hamburg, D\u00fcsseldorf\",\"publisher\":{\"@id\":\"https:\\\/\\\/grandmodels.com\\\/#organization\"},\"potentialAction\":[{\"@type\":\"SearchAction\",\"target\":{\"@type\":\"EntryPoint\",\"urlTemplate\":\"https:\\\/\\\/grandmodels.com\\\/?s={search_term_string}\"},\"query-input\":{\"@type\":\"PropertyValueSpecification\",\"valueRequired\":true,\"valueName\":\"search_term_string\"}}],\"inLanguage\":\"en-US\"},{\"@type\":\"Organization\",\"@id\":\"https:\\\/\\\/grandmodels.com\\\/#organization\",\"name\":\"GRAND MODELS \u2013 MODELAGENTUR BERLIN\",\"url\":\"https:\\\/\\\/grandmodels.com\\\/\",\"logo\":{\"@type\":\"ImageObject\",\"inLanguage\":\"en-US\",\"@id\":\"https:\\\/\\\/grandmodels.com\\\/#\\\/schema\\\/logo\\\/image\\\/\",\"url\":\"https:\\\/\\\/grandmodels.com\\\/wp-content\\\/uploads\\\/2022\\\/08\\\/BLACK_LOGO_FORMAT2_JPEG-01_350x100px.jpg\",\"contentUrl\":\"https:\\\/\\\/grandmodels.com\\\/wp-content\\\/uploads\\\/2022\\\/08\\\/BLACK_LOGO_FORMAT2_JPEG-01_350x100px.jpg\",\"width\":350,\"height\":100,\"caption\":\"GRAND MODELS \u2013 MODELAGENTUR BERLIN\"},\"image\":{\"@id\":\"https:\\\/\\\/grandmodels.com\\\/#\\\/schema\\\/logo\\\/image\\\/\"},\"sameAs\":[\"https:\\\/\\\/www.facebook.com\\\/grandmodels.modelagentur.berlin\",\"https:\\\/\\\/www.instagram.com\\\/grandmodels_com\\\/\"]}]}<\/script>\n<!-- \/ Yoast SEO plugin. -->","yoast_head_json":{"title":"GRAND MODELS \u2013 Die Modelagentur aus Berlin","description":"Wir sind die Modelagentur aus Berlin \u2013 Wir sind GRAND MODELS. Wir vermitteln erfahrene Profimodels und interessante New Faces +49 30209663598","robots":{"index":"index","follow":"follow","max-snippet":"max-snippet:-1","max-image-preview":"max-image-preview:large","max-video-preview":"max-video-preview:-1"},"canonical":"https:\/\/grandmodels.com\/en\/modelagentur\/","og_locale":"en_US","og_type":"article","og_title":"GRAND MODELS \u2013 Die Modelagentur aus Berlin","og_description":"Wir sind die Modelagentur aus Berlin \u2013 Wir sind GRAND MODELS. Wir vermitteln erfahrene Profimodels und interessante New Faces +49 30209663598","og_url":"https:\/\/grandmodels.com\/en\/modelagentur\/","og_site_name":"GRAND MODELS","article_publisher":"https:\/\/www.facebook.com\/grandmodels.modelagentur.berlin","article_modified_time":"2025-07-17T11:19:54+00:00","og_image":[{"width":512,"height":512,"url":"https:\/\/grandmodels.com\/wp-content\/uploads\/2022\/08\/BLACK_LOGO_FORMAT2_PNG-01_512x512px.png","type":"image\/png"}],"twitter_card":"summary_large_image","twitter_misc":{"Est. reading time":"2 minutes"},"schema":{"@context":"https:\/\/schema.org","@graph":[{"@type":"WebPage","@id":"https:\/\/grandmodels.com\/modelagentur\/","url":"https:\/\/grandmodels.com\/modelagentur\/","name":"GRAND MODELS \u2013 Die Modelagentur aus Berlin","isPartOf":{"@id":"https:\/\/grandmodels.com\/#website"},"primaryImageOfPage":{"@id":"https:\/\/grandmodels.com\/modelagentur\/#primaryimage"},"image":{"@id":"https:\/\/grandmodels.com\/modelagentur\/#primaryimage"},"thumbnailUrl":"https:\/\/grandmodels.com\/wp-content\/uploads\/2022\/08\/BLACK_LOGO_FORMAT2_PNG-01_512x512px.png","datePublished":"2022-09-08T12:21:58+00:00","dateModified":"2025-07-17T11:19:54+00:00","description":"Wir sind die Modelagentur aus Berlin \u2013 Wir sind GRAND MODELS. Wir vermitteln erfahrene Profimodels und interessante New Faces +49 30209663598","breadcrumb":{"@id":"https:\/\/grandmodels.com\/modelagentur\/#breadcrumb"},"inLanguage":"en-US","potentialAction":[{"@type":"ReadAction","target":["https:\/\/grandmodels.com\/modelagentur\/"]}]},{"@type":"ImageObject","inLanguage":"en-US","@id":"https:\/\/grandmodels.com\/modelagentur\/#primaryimage","url":"https:\/\/grandmodels.com\/wp-content\/uploads\/2022\/08\/BLACK_LOGO_FORMAT2_PNG-01_512x512px.png","contentUrl":"https:\/\/grandmodels.com\/wp-content\/uploads\/2022\/08\/BLACK_LOGO_FORMAT2_PNG-01_512x512px.png","width":512,"height":512},{"@type":"BreadcrumbList","@id":"https:\/\/grandmodels.com\/modelagentur\/#breadcrumb","itemListElement":[{"@type":"ListItem","position":1,"name":"Startseite","item":"https:\/\/grandmodels.com\/"},{"@type":"ListItem","position":2,"name":"ABOUT"}]},{"@type":"WebSite","@id":"https:\/\/grandmodels.com\/#website","url":"https:\/\/grandmodels.com\/","name":"GRAND MODELS \u2013 MODELAGENTUR BERLIN","description":"Modelagentur Berlin, Hamburg, D\u00fcsseldorf","publisher":{"@id":"https:\/\/grandmodels.com\/#organization"},"potentialAction":[{"@type":"SearchAction","target":{"@type":"EntryPoint","urlTemplate":"https:\/\/grandmodels.com\/?s={search_term_string}"},"query-input":{"@type":"PropertyValueSpecification","valueRequired":true,"valueName":"search_term_string"}}],"inLanguage":"en-US"},{"@type":"Organization","@id":"https:\/\/grandmodels.com\/#organization","name":"GRAND MODELS \u2013 MODELAGENTUR BERLIN","url":"https:\/\/grandmodels.com\/","logo":{"@type":"ImageObject","inLanguage":"en-US","@id":"https:\/\/grandmodels.com\/#\/schema\/logo\/image\/","url":"https:\/\/grandmodels.com\/wp-content\/uploads\/2022\/08\/BLACK_LOGO_FORMAT2_JPEG-01_350x100px.jpg","contentUrl":"https:\/\/grandmodels.com\/wp-content\/uploads\/2022\/08\/BLACK_LOGO_FORMAT2_JPEG-01_350x100px.jpg","width":350,"height":100,"caption":"GRAND MODELS \u2013 MODELAGENTUR BERLIN"},"image":{"@id":"https:\/\/grandmodels.com\/#\/schema\/logo\/image\/"},"sameAs":["https:\/\/www.facebook.com\/grandmodels.modelagentur.berlin","https:\/\/www.instagram.com\/grandmodels_com\/"]}]}},"_links":{"self":[{"href":"https:\/\/grandmodels.com\/en\/wp-json\/wp\/v2\/pages\/95","targetHints":{"allow":["GET"]}}],"collection":[{"href":"https:\/\/grandmodels.com\/en\/wp-json\/wp\/v2\/pages"}],"about":[{"href":"https:\/\/grandmodels.com\/en\/wp-json\/wp\/v2\/types\/page"}],"author":[{"embeddable":true,"href":"https:\/\/grandmodels.com\/en\/wp-json\/wp\/v2\/users\/1"}],"replies":[{"embeddable":true,"href":"https:\/\/grandmodels.com\/en\/wp-json\/wp\/v2\/comments?post=95"}],"version-history":[{"count":11,"href":"https:\/\/grandmodels.com\/en\/wp-json\/wp\/v2\/pages\/95\/revisions"}],"predecessor-version":[{"id":39810,"href":"https:\/\/grandmodels.com\/en\/wp-json\/wp\/v2\/pages\/95\/revisions\/39810"}],"wp:featuredmedia":[{"embeddable":true,"href":"https:\/\/grandmodels.com\/en\/wp-json\/wp\/v2\/media\/70"}],"wp:attachment":[{"href":"https:\/\/grandmodels.com\/en\/wp-json\/wp\/v2\/media?parent=95"}],"curies":[{"name":"wp","href":"https:\/\/api.w.org\/{rel}","templated":true}]}}