{"id":22718,"date":"2023-11-06T13:58:46","date_gmt":"2023-11-06T12:58:46","guid":{"rendered":"https:\/\/grandmodels.com\/?page_id=22718"},"modified":"2023-11-07T17:25:17","modified_gmt":"2023-11-07T16:25:17","slug":"stornobedingungen","status":"publish","type":"page","link":"https:\/\/grandmodels.com\/en\/stornobedingungen\/","title":{"rendered":"CANCELLATION CONDITIONS"},"content":{"rendered":"<div data-elementor-type=\"wp-page\" data-elementor-id=\"22718\" class=\"elementor elementor-22718\" data-elementor-post-type=\"page\">\n\t\t\t\t\t\t<section class=\"elementor-section elementor-top-section elementor-element elementor-element-63600801 elementor-section-boxed elementor-section-height-default elementor-section-height-default\" data-id=\"63600801\" data-element_type=\"section\" data-e-type=\"section\">\n\t\t\t\t\t\t<div class=\"elementor-container elementor-column-gap-default\">\n\t\t\t\t\t<div class=\"elementor-column elementor-col-100 elementor-top-column elementor-element elementor-element-1ff96725\" data-id=\"1ff96725\" data-element_type=\"column\" data-e-type=\"column\">\n\t\t\t<div class=\"elementor-widget-wrap elementor-element-populated\">\n\t\t\t\t\t\t<div class=\"elementor-element elementor-element-2d2a8dcc elementor-widget elementor-widget-heading\" data-id=\"2d2a8dcc\" data-element_type=\"widget\" data-e-type=\"widget\" data-widget_type=\"heading.default\">\n\t\t\t\t<div class=\"elementor-widget-container\">\n\t\t\t\t\t<h1 class=\"elementor-heading-title elementor-size-default\"><span data-elementor-setting-key=\"title\" data-pen-placeholder=\"Eingabe hier...\">CANCELLATION CONDITIONS<\/span><\/h1>\t\t\t\t<\/div>\n\t\t\t\t<\/div>\n\t\t\t\t\t<\/div>\n\t\t<\/div>\n\t\t\t\t\t<\/div>\n\t\t<\/section>\n\t\t\t\t<section class=\"elementor-section elementor-top-section elementor-element elementor-element-8542bd9 elementor-section-boxed elementor-section-height-default elementor-section-height-default\" data-id=\"8542bd9\" data-element_type=\"section\" data-e-type=\"section\">\n\t\t\t\t\t\t<div class=\"elementor-container elementor-column-gap-default\">\n\t\t\t\t\t<div class=\"elementor-column elementor-col-100 elementor-top-column elementor-element elementor-element-5b19a26\" data-id=\"5b19a26\" data-element_type=\"column\" data-e-type=\"column\">\n\t\t\t<div class=\"elementor-widget-wrap elementor-element-populated\">\n\t\t\t\t\t\t<div class=\"elementor-element elementor-element-c7fc139 elementor-widget elementor-widget-text-editor\" data-id=\"c7fc139\" data-element_type=\"widget\" data-e-type=\"widget\" data-widget_type=\"text-editor.default\">\n\t\t\t\t<div class=\"elementor-widget-container\">\n\t\t\t\t\t\t\t\t\t<p>Dear customer,<br \/><br \/>Planning is just as important for us and our models as it is for you. After the written order confirmation, our model will keep the period free for your project and cannot accept any other projects. Therefore, we would like to point out our cancellation conditions below. Thank you very much for your understanding.<br \/><br \/>Your GRAND MODELS team<\/p>\t\t\t\t\t\t\t\t<\/div>\n\t\t\t\t<\/div>\n\t\t\t\t<div class=\"elementor-element elementor-element-843759d elementor-widget elementor-widget-text-editor\" data-id=\"843759d\" data-element_type=\"widget\" data-e-type=\"widget\" data-widget_type=\"text-editor.default\">\n\t\t\t\t<div class=\"elementor-widget-container\">\n\t\t\t\t\t\t\t\t\t<p>When canceling an order, the following deadlines apply. Cancellation must always be made in written form.<br \/><br \/><br \/>\u25c6 Cancellation up to 30 days before the start of the project is free of charge.<\/p><p><br \/>\u25c6 If you cancel within 29-14 days before the start of the project, we will charge a cancellation fee of 50 % of the total project value.<\/p><p><br \/>\u25c6 If you cancel within 13-8 days before the start of the project, we will charge a cancellation fee of 75 % of the total project value.<\/p><p><br \/>\u25c6 If you cancel within 7 days before the start of the project, we will charge a cancellation fee of 100 % of the total project value.<\/p>\t\t\t\t\t\t\t\t<\/div>\n\t\t\t\t<\/div>\n\t\t\t\t\t<\/div>\n\t\t<\/div>\n\t\t\t\t\t<\/div>\n\t\t<\/section>\n\t\t\t\t<section class=\"elementor-section elementor-top-section elementor-element elementor-element-743ee7ad elementor-section-boxed elementor-section-height-default elementor-section-height-default\" data-id=\"743ee7ad\" data-element_type=\"section\" data-e-type=\"section\">\n\t\t\t\t\t\t<div class=\"elementor-container elementor-column-gap-default\">\n\t\t\t\t\t<div class=\"elementor-column elementor-col-100 elementor-top-column elementor-element elementor-element-2d696a21\" data-id=\"2d696a21\" data-element_type=\"column\" data-e-type=\"column\">\n\t\t\t<div class=\"elementor-widget-wrap elementor-element-populated\">\n\t\t\t\t\t\t<div class=\"elementor-element elementor-element-256d5c85 elementor-widget elementor-widget-spacer\" data-id=\"256d5c85\" data-element_type=\"widget\" data-e-type=\"widget\" data-widget_type=\"spacer.default\">\n\t\t\t\t<div class=\"elementor-widget-container\">\n\t\t\t\t\t\t\t<div class=\"elementor-spacer\">\n\t\t\t<div class=\"elementor-spacer-inner\"><\/div>\n\t\t<\/div>\n\t\t\t\t\t\t<\/div>\n\t\t\t\t<\/div>\n\t\t\t\t\t<\/div>\n\t\t<\/div>\n\t\t\t\t\t<\/div>\n\t\t<\/section>\n\t\t\t\t<\/div>","protected":false},"excerpt":{"rendered":"<p>Stornobedingungen Liebe:r Kunde\/-in, f\u00fcr uns und unsere Models ist die Planungssicherheit genauso wichtig wie f\u00fcr Dich. Nach der schriftlichen Auftragsbest\u00e4tigung h\u00e4lt sich unser Model den Zeitraum f\u00fcr Deinen Auftrag frei und kann keine anderen Auftr\u00e4ge annehmen. Wir weisen Dich daher im Folgenden auf unsere Stornobedingungen hin. Vielen Dank f\u00fcr Dein Verst\u00e4ndnis. Dein GRAND MODELS Team [&hellip;]<\/p>\n","protected":false},"author":2,"featured_media":1302,"parent":0,"menu_order":0,"comment_status":"closed","ping_status":"closed","template":"","meta":{"footnotes":""},"class_list":["post-22718","page","type-page","status-publish","has-post-thumbnail","hentry"],"yoast_head":"<!-- This site is optimized with the Yoast SEO plugin v27.4 - https:\/\/yoast.com\/product\/yoast-seo-wordpress\/ -->\n<title>Stornobedingungen - GRAND MODELS<\/title>\n<meta name=\"description\" content=\"Unsere Male Models kommen aus der ganzen Welt und sind ebenso unterschiedlich und vielf\u00e4ltig. Besuch jetzt unsere Website. \ud83d\udcde +4930209663598\" \/>\n<meta name=\"robots\" content=\"index, follow, max-snippet:-1, max-image-preview:large, max-video-preview:-1\" \/>\n<link rel=\"canonical\" href=\"https:\/\/grandmodels.com\/en\/stornobedingungen\/\" \/>\n<meta property=\"og:locale\" content=\"en_US\" \/>\n<meta property=\"og:type\" content=\"article\" \/>\n<meta property=\"og:title\" content=\"Stornobedingungen - GRAND MODELS\" \/>\n<meta property=\"og:description\" content=\"Unsere Male Models kommen aus der ganzen Welt und sind ebenso unterschiedlich und vielf\u00e4ltig. Besuch jetzt unsere Website. \ud83d\udcde +4930209663598\" \/>\n<meta property=\"og:url\" content=\"https:\/\/grandmodels.com\/en\/stornobedingungen\/\" \/>\n<meta property=\"og:site_name\" content=\"GRAND MODELS\" \/>\n<meta property=\"article:publisher\" content=\"https:\/\/www.facebook.com\/grandmodels.modelagentur.berlin\" \/>\n<meta property=\"article:modified_time\" content=\"2023-11-07T16:25:17+00:00\" \/>\n<meta property=\"og:image\" content=\"https:\/\/grandmodels.com\/wp-content\/uploads\/2022\/11\/Tobias_G-0298.jpg\" \/>\n\t<meta property=\"og:image:width\" content=\"493\" \/>\n\t<meta property=\"og:image:height\" content=\"740\" \/>\n\t<meta property=\"og:image:type\" content=\"image\/jpeg\" \/>\n<meta name=\"twitter:card\" content=\"summary_large_image\" \/>\n<meta name=\"twitter:label1\" content=\"Est. reading time\" \/>\n\t<meta name=\"twitter:data1\" content=\"1 minute\" \/>\n<script type=\"application\/ld+json\" class=\"yoast-schema-graph\">{\"@context\":\"https:\\\/\\\/schema.org\",\"@graph\":[{\"@type\":\"WebPage\",\"@id\":\"https:\\\/\\\/grandmodels.com\\\/stornobedingungen\\\/\",\"url\":\"https:\\\/\\\/grandmodels.com\\\/stornobedingungen\\\/\",\"name\":\"Stornobedingungen - GRAND MODELS\",\"isPartOf\":{\"@id\":\"https:\\\/\\\/grandmodels.com\\\/#website\"},\"primaryImageOfPage\":{\"@id\":\"https:\\\/\\\/grandmodels.com\\\/stornobedingungen\\\/#primaryimage\"},\"image\":{\"@id\":\"https:\\\/\\\/grandmodels.com\\\/stornobedingungen\\\/#primaryimage\"},\"thumbnailUrl\":\"https:\\\/\\\/grandmodels.com\\\/wp-content\\\/uploads\\\/2022\\\/11\\\/Tobias_G-0298.jpg\",\"datePublished\":\"2023-11-06T12:58:46+00:00\",\"dateModified\":\"2023-11-07T16:25:17+00:00\",\"description\":\"Unsere Male Models kommen aus der ganzen Welt und sind ebenso unterschiedlich und vielf\u00e4ltig. Besuch jetzt unsere Website. \ud83d\udcde +4930209663598\",\"breadcrumb\":{\"@id\":\"https:\\\/\\\/grandmodels.com\\\/stornobedingungen\\\/#breadcrumb\"},\"inLanguage\":\"en-US\",\"potentialAction\":[{\"@type\":\"ReadAction\",\"target\":[\"https:\\\/\\\/grandmodels.com\\\/stornobedingungen\\\/\"]}]},{\"@type\":\"ImageObject\",\"inLanguage\":\"en-US\",\"@id\":\"https:\\\/\\\/grandmodels.com\\\/stornobedingungen\\\/#primaryimage\",\"url\":\"https:\\\/\\\/grandmodels.com\\\/wp-content\\\/uploads\\\/2022\\\/11\\\/Tobias_G-0298.jpg\",\"contentUrl\":\"https:\\\/\\\/grandmodels.com\\\/wp-content\\\/uploads\\\/2022\\\/11\\\/Tobias_G-0298.jpg\",\"width\":493,\"height\":740,\"caption\":\"Tobias_G\"},{\"@type\":\"BreadcrumbList\",\"@id\":\"https:\\\/\\\/grandmodels.com\\\/stornobedingungen\\\/#breadcrumb\",\"itemListElement\":[{\"@type\":\"ListItem\",\"position\":1,\"name\":\"Startseite\",\"item\":\"https:\\\/\\\/grandmodels.com\\\/\"},{\"@type\":\"ListItem\",\"position\":2,\"name\":\"Stornobedingungen\"}]},{\"@type\":\"WebSite\",\"@id\":\"https:\\\/\\\/grandmodels.com\\\/#website\",\"url\":\"https:\\\/\\\/grandmodels.com\\\/\",\"name\":\"GRAND MODELS \u2013 MODELAGENTUR BERLIN\",\"description\":\"Modelagentur Berlin, Hamburg, D\u00fcsseldorf\",\"publisher\":{\"@id\":\"https:\\\/\\\/grandmodels.com\\\/#organization\"},\"potentialAction\":[{\"@type\":\"SearchAction\",\"target\":{\"@type\":\"EntryPoint\",\"urlTemplate\":\"https:\\\/\\\/grandmodels.com\\\/?s={search_term_string}\"},\"query-input\":{\"@type\":\"PropertyValueSpecification\",\"valueRequired\":true,\"valueName\":\"search_term_string\"}}],\"inLanguage\":\"en-US\"},{\"@type\":\"Organization\",\"@id\":\"https:\\\/\\\/grandmodels.com\\\/#organization\",\"name\":\"GRAND MODELS \u2013 MODELAGENTUR BERLIN\",\"url\":\"https:\\\/\\\/grandmodels.com\\\/\",\"logo\":{\"@type\":\"ImageObject\",\"inLanguage\":\"en-US\",\"@id\":\"https:\\\/\\\/grandmodels.com\\\/#\\\/schema\\\/logo\\\/image\\\/\",\"url\":\"https:\\\/\\\/grandmodels.com\\\/wp-content\\\/uploads\\\/2022\\\/08\\\/BLACK_LOGO_FORMAT2_JPEG-01_350x100px.jpg\",\"contentUrl\":\"https:\\\/\\\/grandmodels.com\\\/wp-content\\\/uploads\\\/2022\\\/08\\\/BLACK_LOGO_FORMAT2_JPEG-01_350x100px.jpg\",\"width\":350,\"height\":100,\"caption\":\"GRAND MODELS \u2013 MODELAGENTUR BERLIN\"},\"image\":{\"@id\":\"https:\\\/\\\/grandmodels.com\\\/#\\\/schema\\\/logo\\\/image\\\/\"},\"sameAs\":[\"https:\\\/\\\/www.facebook.com\\\/grandmodels.modelagentur.berlin\",\"https:\\\/\\\/www.instagram.com\\\/grandmodels_com\\\/\"]}]}<\/script>\n<!-- \/ Yoast SEO plugin. -->","yoast_head_json":{"title":"Stornobedingungen - GRAND MODELS","description":"Unsere Male Models kommen aus der ganzen Welt und sind ebenso unterschiedlich und vielf\u00e4ltig. Besuch jetzt unsere Website. \ud83d\udcde +4930209663598","robots":{"index":"index","follow":"follow","max-snippet":"max-snippet:-1","max-image-preview":"max-image-preview:large","max-video-preview":"max-video-preview:-1"},"canonical":"https:\/\/grandmodels.com\/en\/stornobedingungen\/","og_locale":"en_US","og_type":"article","og_title":"Stornobedingungen - GRAND MODELS","og_description":"Unsere Male Models kommen aus der ganzen Welt und sind ebenso unterschiedlich und vielf\u00e4ltig. Besuch jetzt unsere Website. \ud83d\udcde +4930209663598","og_url":"https:\/\/grandmodels.com\/en\/stornobedingungen\/","og_site_name":"GRAND MODELS","article_publisher":"https:\/\/www.facebook.com\/grandmodels.modelagentur.berlin","article_modified_time":"2023-11-07T16:25:17+00:00","og_image":[{"width":493,"height":740,"url":"https:\/\/grandmodels.com\/wp-content\/uploads\/2022\/11\/Tobias_G-0298.jpg","type":"image\/jpeg"}],"twitter_card":"summary_large_image","twitter_misc":{"Est. reading time":"1 minute"},"schema":{"@context":"https:\/\/schema.org","@graph":[{"@type":"WebPage","@id":"https:\/\/grandmodels.com\/stornobedingungen\/","url":"https:\/\/grandmodels.com\/stornobedingungen\/","name":"Stornobedingungen - GRAND MODELS","isPartOf":{"@id":"https:\/\/grandmodels.com\/#website"},"primaryImageOfPage":{"@id":"https:\/\/grandmodels.com\/stornobedingungen\/#primaryimage"},"image":{"@id":"https:\/\/grandmodels.com\/stornobedingungen\/#primaryimage"},"thumbnailUrl":"https:\/\/grandmodels.com\/wp-content\/uploads\/2022\/11\/Tobias_G-0298.jpg","datePublished":"2023-11-06T12:58:46+00:00","dateModified":"2023-11-07T16:25:17+00:00","description":"Unsere Male Models kommen aus der ganzen Welt und sind ebenso unterschiedlich und vielf\u00e4ltig. Besuch jetzt unsere Website. \ud83d\udcde +4930209663598","breadcrumb":{"@id":"https:\/\/grandmodels.com\/stornobedingungen\/#breadcrumb"},"inLanguage":"en-US","potentialAction":[{"@type":"ReadAction","target":["https:\/\/grandmodels.com\/stornobedingungen\/"]}]},{"@type":"ImageObject","inLanguage":"en-US","@id":"https:\/\/grandmodels.com\/stornobedingungen\/#primaryimage","url":"https:\/\/grandmodels.com\/wp-content\/uploads\/2022\/11\/Tobias_G-0298.jpg","contentUrl":"https:\/\/grandmodels.com\/wp-content\/uploads\/2022\/11\/Tobias_G-0298.jpg","width":493,"height":740,"caption":"Tobias_G"},{"@type":"BreadcrumbList","@id":"https:\/\/grandmodels.com\/stornobedingungen\/#breadcrumb","itemListElement":[{"@type":"ListItem","position":1,"name":"Startseite","item":"https:\/\/grandmodels.com\/"},{"@type":"ListItem","position":2,"name":"Stornobedingungen"}]},{"@type":"WebSite","@id":"https:\/\/grandmodels.com\/#website","url":"https:\/\/grandmodels.com\/","name":"GRAND MODELS \u2013 MODELAGENTUR BERLIN","description":"Modelagentur Berlin, Hamburg, D\u00fcsseldorf","publisher":{"@id":"https:\/\/grandmodels.com\/#organization"},"potentialAction":[{"@type":"SearchAction","target":{"@type":"EntryPoint","urlTemplate":"https:\/\/grandmodels.com\/?s={search_term_string}"},"query-input":{"@type":"PropertyValueSpecification","valueRequired":true,"valueName":"search_term_string"}}],"inLanguage":"en-US"},{"@type":"Organization","@id":"https:\/\/grandmodels.com\/#organization","name":"GRAND MODELS \u2013 MODELAGENTUR BERLIN","url":"https:\/\/grandmodels.com\/","logo":{"@type":"ImageObject","inLanguage":"en-US","@id":"https:\/\/grandmodels.com\/#\/schema\/logo\/image\/","url":"https:\/\/grandmodels.com\/wp-content\/uploads\/2022\/08\/BLACK_LOGO_FORMAT2_JPEG-01_350x100px.jpg","contentUrl":"https:\/\/grandmodels.com\/wp-content\/uploads\/2022\/08\/BLACK_LOGO_FORMAT2_JPEG-01_350x100px.jpg","width":350,"height":100,"caption":"GRAND MODELS \u2013 MODELAGENTUR BERLIN"},"image":{"@id":"https:\/\/grandmodels.com\/#\/schema\/logo\/image\/"},"sameAs":["https:\/\/www.facebook.com\/grandmodels.modelagentur.berlin","https:\/\/www.instagram.com\/grandmodels_com\/"]}]}},"_links":{"self":[{"href":"https:\/\/grandmodels.com\/en\/wp-json\/wp\/v2\/pages\/22718","targetHints":{"allow":["GET"]}}],"collection":[{"href":"https:\/\/grandmodels.com\/en\/wp-json\/wp\/v2\/pages"}],"about":[{"href":"https:\/\/grandmodels.com\/en\/wp-json\/wp\/v2\/types\/page"}],"author":[{"embeddable":true,"href":"https:\/\/grandmodels.com\/en\/wp-json\/wp\/v2\/users\/2"}],"replies":[{"embeddable":true,"href":"https:\/\/grandmodels.com\/en\/wp-json\/wp\/v2\/comments?post=22718"}],"version-history":[{"count":10,"href":"https:\/\/grandmodels.com\/en\/wp-json\/wp\/v2\/pages\/22718\/revisions"}],"predecessor-version":[{"id":22735,"href":"https:\/\/grandmodels.com\/en\/wp-json\/wp\/v2\/pages\/22718\/revisions\/22735"}],"wp:featuredmedia":[{"embeddable":true,"href":"https:\/\/grandmodels.com\/en\/wp-json\/wp\/v2\/media\/1302"}],"wp:attachment":[{"href":"https:\/\/grandmodels.com\/en\/wp-json\/wp\/v2\/media?parent=22718"}],"curies":[{"name":"wp","href":"https:\/\/api.w.org\/{rel}","templated":true}]}}